{"id":246,"date":"2024-03-27T10:18:32","date_gmt":"2024-03-27T10:18:32","guid":{"rendered":"https:\/\/hotellovasbereny.hu\/hotel-lovasbereny\/"},"modified":"2024-05-13T11:11:17","modified_gmt":"2024-05-13T11:11:17","slug":"uber-uns","status":"publish","type":"page","link":"https:\/\/hotellovasbereny.hu\/de\/uber-uns\/","title":{"rendered":"HOTEL Lovasber\u00e9ny"},"content":{"rendered":"<p>Entdecken Sie die einzigartigen Naturmerkmale des M\u00e1ria-Tals und w\u00e4hlen Sie die f\u00fcr Sie idealste Form der Erholung, f\u00fcr die Sie im HOTEL Lovasber\u00e9ny alles finden.<\/p>\n","protected":false},"excerpt":{"rendered":"<p>Wir erwarten Sie mit dem einzigartigen Erlebnis der Velencer Gebirge!<\/p>\n","protected":false},"author":1,"featured_media":0,"parent":0,"menu_order":0,"comment_status":"closed","ping_status":"closed","template":"page-rolunk.php","meta":{"footnotes":""},"yoast_head":"<!-- This site is optimized with the Yoast SEO plugin v22.4 - https:\/\/yoast.com\/wordpress\/plugins\/seo\/ -->\n<title>HOTEL Lovasber\u00e9ny - Hotel Lovasber\u00e9ny<\/title>\n<meta name=\"robots\" content=\"noindex, follow, max-snippet:-1, max-image-preview:large, max-video-preview:-1\" \/>\n<meta property=\"og:locale\" content=\"de_DE\" \/>\n<meta property=\"og:type\" content=\"article\" \/>\n<meta property=\"og:title\" content=\"HOTEL Lovasber\u00e9ny - Hotel Lovasber\u00e9ny\" \/>\n<meta property=\"og:description\" content=\"Wir erwarten Sie mit dem einzigartigen Erlebnis der Velencer Gebirge!\" \/>\n<meta property=\"og:url\" content=\"http:\/\/hotellovasbereny.local\/de\/uber-uns\/\" \/>\n<meta property=\"og:site_name\" content=\"Hotel Lovasber\u00e9ny\" \/>\n<meta property=\"article:modified_time\" content=\"2024-05-13T11:11:17+00:00\" \/>\n<meta name=\"twitter:card\" content=\"summary_large_image\" \/>\n<meta name=\"twitter:label1\" content=\"Est. reading time\" \/>\n\t<meta name=\"twitter:data1\" content=\"1 minute\" \/>\n<script type=\"application\/ld+json\" class=\"yoast-schema-graph\">{\"@context\":\"https:\/\/schema.org\",\"@graph\":[{\"@type\":\"WebPage\",\"@id\":\"http:\/\/hotellovasbereny.local\/de\/uber-uns\/\",\"url\":\"http:\/\/hotellovasbereny.local\/de\/uber-uns\/\",\"name\":\"HOTEL Lovasber\u00e9ny - Hotel Lovasber\u00e9ny\",\"isPartOf\":{\"@id\":\"https:\/\/hotellovasbereny.hu\/#website\"},\"datePublished\":\"2024-03-27T10:18:32+00:00\",\"dateModified\":\"2024-05-13T11:11:17+00:00\",\"breadcrumb\":{\"@id\":\"http:\/\/hotellovasbereny.local\/de\/uber-uns\/#breadcrumb\"},\"inLanguage\":\"de-DE\",\"potentialAction\":[{\"@type\":\"ReadAction\",\"target\":[\"http:\/\/hotellovasbereny.local\/de\/uber-uns\/\"]}]},{\"@type\":\"BreadcrumbList\",\"@id\":\"http:\/\/hotellovasbereny.local\/de\/uber-uns\/#breadcrumb\",\"itemListElement\":[{\"@type\":\"ListItem\",\"position\":1,\"name\":\"Home\",\"item\":\"http:\/\/hotellovasbereny.local\/hauptseite\/\"},{\"@type\":\"ListItem\",\"position\":2,\"name\":\"HOTEL Lovasber\u00e9ny\"}]},{\"@type\":\"WebSite\",\"@id\":\"https:\/\/hotellovasbereny.hu\/#website\",\"url\":\"https:\/\/hotellovasbereny.hu\/\",\"name\":\"Hotel Lovasber\u00e9ny\",\"description\":\"\",\"potentialAction\":[{\"@type\":\"SearchAction\",\"target\":{\"@type\":\"EntryPoint\",\"urlTemplate\":\"https:\/\/hotellovasbereny.hu\/?s={search_term_string}\"},\"query-input\":\"required name=search_term_string\"}],\"inLanguage\":\"de-DE\"}]}<\/script>\n<!-- \/ Yoast SEO plugin. -->","yoast_head_json":{"title":"HOTEL Lovasber\u00e9ny - Hotel Lovasber\u00e9ny","robots":{"index":"noindex","follow":"follow","max-snippet":"max-snippet:-1","max-image-preview":"max-image-preview:large","max-video-preview":"max-video-preview:-1"},"og_locale":"de_DE","og_type":"article","og_title":"HOTEL Lovasber\u00e9ny - Hotel Lovasber\u00e9ny","og_description":"Wir erwarten Sie mit dem einzigartigen Erlebnis der Velencer Gebirge!","og_url":"http:\/\/hotellovasbereny.local\/de\/uber-uns\/","og_site_name":"Hotel Lovasber\u00e9ny","article_modified_time":"2024-05-13T11:11:17+00:00","twitter_card":"summary_large_image","twitter_misc":{"Est. reading time":"1 minute"},"schema":{"@context":"https:\/\/schema.org","@graph":[{"@type":"WebPage","@id":"http:\/\/hotellovasbereny.local\/de\/uber-uns\/","url":"http:\/\/hotellovasbereny.local\/de\/uber-uns\/","name":"HOTEL Lovasber\u00e9ny - Hotel Lovasber\u00e9ny","isPartOf":{"@id":"https:\/\/hotellovasbereny.hu\/#website"},"datePublished":"2024-03-27T10:18:32+00:00","dateModified":"2024-05-13T11:11:17+00:00","breadcrumb":{"@id":"http:\/\/hotellovasbereny.local\/de\/uber-uns\/#breadcrumb"},"inLanguage":"de-DE","potentialAction":[{"@type":"ReadAction","target":["http:\/\/hotellovasbereny.local\/de\/uber-uns\/"]}]},{"@type":"BreadcrumbList","@id":"http:\/\/hotellovasbereny.local\/de\/uber-uns\/#breadcrumb","itemListElement":[{"@type":"ListItem","position":1,"name":"Home","item":"http:\/\/hotellovasbereny.local\/hauptseite\/"},{"@type":"ListItem","position":2,"name":"HOTEL Lovasber\u00e9ny"}]},{"@type":"WebSite","@id":"https:\/\/hotellovasbereny.hu\/#website","url":"https:\/\/hotellovasbereny.hu\/","name":"Hotel Lovasber\u00e9ny","description":"","potentialAction":[{"@type":"SearchAction","target":{"@type":"EntryPoint","urlTemplate":"https:\/\/hotellovasbereny.hu\/?s={search_term_string}"},"query-input":"required name=search_term_string"}],"inLanguage":"de-DE"}]}},"_links":{"self":[{"href":"https:\/\/hotellovasbereny.hu\/de\/wp-json\/wp\/v2\/pages\/246"}],"collection":[{"href":"https:\/\/hotellovasbereny.hu\/de\/wp-json\/wp\/v2\/pages"}],"about":[{"href":"https:\/\/hotellovasbereny.hu\/de\/wp-json\/wp\/v2\/types\/page"}],"author":[{"embeddable":true,"href":"https:\/\/hotellovasbereny.hu\/de\/wp-json\/wp\/v2\/users\/1"}],"replies":[{"embeddable":true,"href":"https:\/\/hotellovasbereny.hu\/de\/wp-json\/wp\/v2\/comments?post=246"}],"version-history":[{"count":1,"href":"https:\/\/hotellovasbereny.hu\/de\/wp-json\/wp\/v2\/pages\/246\/revisions"}],"predecessor-version":[{"id":247,"href":"https:\/\/hotellovasbereny.hu\/de\/wp-json\/wp\/v2\/pages\/246\/revisions\/247"}],"wp:attachment":[{"href":"https:\/\/hotellovasbereny.hu\/de\/wp-json\/wp\/v2\/media?parent=246"}],"curies":[{"name":"wp","href":"https:\/\/api.w.org\/{rel}","templated":true}]}}