{"id":249,"date":"2024-03-27T10:09:01","date_gmt":"2024-03-27T10:09:01","guid":{"rendered":"https:\/\/hotellovasbereny.hu\/wellness-erlebnis\/"},"modified":"2024-05-13T12:20:52","modified_gmt":"2024-05-13T12:20:52","slug":"wellness-erlebnis","status":"publish","type":"page","link":"https:\/\/hotellovasbereny.hu\/de\/wellness-erlebnis\/","title":{"rendered":"Wellness &#038; Erlebnis"},"content":{"rendered":"<p>Das vielf\u00e4ltige Programmangebot unseres Hotels sorgt daf\u00fcr, dass die Zeit, die wir hier verbringen, f\u00fcr alle unsere G\u00e4ste unvergesslich wird. Ob ein erfrischendes Bad in den Innen- oder Au\u00dfenpools, eine abenteuerliche Tour oder eine spannende Jagd in den umliegenden W\u00e4ldern, ein romantischer Spaziergang in Sz\u00e9kesfeh\u00e9rv\u00e1r oder die Erkundung des Velence-Sees und der Weinregion Etyek-Buda, das HOTEL Lovasber\u00e9ny bietet Erlebnisse, die allen Bed\u00fcrfnissen gerecht werden. Unsere Wellnessangebote bieten perfekte Erholung und k\u00f6rperliche und geistige Erneuerung, bei denen jeder die f\u00fcr ihn perfekte Form der Entspannung findet, von finnischen und Infrarot-Saunen bis hin zu Dampfkabinen und Whirlpools.<\/p>\n","protected":false},"excerpt":{"rendered":"<p>Das vielf\u00e4ltige Programmangebot unseres Hotels sorgt daf\u00fcr, dass die Zeit, die wir hier verbringen, f\u00fcr alle unsere G\u00e4ste unvergesslich wird. Ob ein erfrischendes Bad in den Innen- oder Au\u00dfenpools, eine abenteuerliche Tour oder eine spannende Jagd in den umliegenden W\u00e4ldern, ein romantischer Spaziergang in Sz\u00e9kesfeh\u00e9rv\u00e1r oder die Erkundung des Velence-Sees und der Weinregion Etyek-Buda, das [&hellip;]<\/p>\n","protected":false},"author":1,"featured_media":0,"parent":0,"menu_order":0,"comment_status":"closed","ping_status":"closed","template":"page-wellness.php","meta":{"footnotes":""},"yoast_head":"<!-- This site is optimized with the Yoast SEO plugin v22.4 - https:\/\/yoast.com\/wordpress\/plugins\/seo\/ -->\n<title>Wellness &amp; Erlebnis - Hotel Lovasber\u00e9ny<\/title>\n<meta name=\"robots\" content=\"noindex, follow, max-snippet:-1, max-image-preview:large, max-video-preview:-1\" \/>\n<meta property=\"og:locale\" content=\"de_DE\" \/>\n<meta property=\"og:type\" content=\"article\" \/>\n<meta property=\"og:title\" content=\"Wellness &amp; Erlebnis - Hotel Lovasber\u00e9ny\" \/>\n<meta property=\"og:description\" content=\"Das vielf\u00e4ltige Programmangebot unseres Hotels sorgt daf\u00fcr, dass die Zeit, die wir hier verbringen, f\u00fcr alle unsere G\u00e4ste unvergesslich wird. Ob ein erfrischendes Bad in den Innen- oder Au\u00dfenpools, eine abenteuerliche Tour oder eine spannende Jagd in den umliegenden W\u00e4ldern, ein romantischer Spaziergang in Sz\u00e9kesfeh\u00e9rv\u00e1r oder die Erkundung des Velence-Sees und der Weinregion Etyek-Buda, das [&hellip;]\" \/>\n<meta property=\"og:url\" content=\"http:\/\/hotellovasbereny.local\/de\/wellness-erlebnis\/\" \/>\n<meta property=\"og:site_name\" content=\"Hotel Lovasber\u00e9ny\" \/>\n<meta property=\"article:modified_time\" content=\"2024-05-13T12:20:52+00:00\" \/>\n<meta name=\"twitter:card\" content=\"summary_large_image\" \/>\n<meta name=\"twitter:label1\" content=\"Est. reading time\" \/>\n\t<meta name=\"twitter:data1\" content=\"1 minute\" \/>\n<script type=\"application\/ld+json\" class=\"yoast-schema-graph\">{\"@context\":\"https:\/\/schema.org\",\"@graph\":[{\"@type\":\"WebPage\",\"@id\":\"http:\/\/hotellovasbereny.local\/de\/wellness-erlebnis\/\",\"url\":\"http:\/\/hotellovasbereny.local\/de\/wellness-erlebnis\/\",\"name\":\"Wellness & Erlebnis - Hotel Lovasber\u00e9ny\",\"isPartOf\":{\"@id\":\"https:\/\/hotellovasbereny.hu\/#website\"},\"datePublished\":\"2024-03-27T10:09:01+00:00\",\"dateModified\":\"2024-05-13T12:20:52+00:00\",\"breadcrumb\":{\"@id\":\"http:\/\/hotellovasbereny.local\/de\/wellness-erlebnis\/#breadcrumb\"},\"inLanguage\":\"de-DE\",\"potentialAction\":[{\"@type\":\"ReadAction\",\"target\":[\"http:\/\/hotellovasbereny.local\/de\/wellness-erlebnis\/\"]}]},{\"@type\":\"BreadcrumbList\",\"@id\":\"http:\/\/hotellovasbereny.local\/de\/wellness-erlebnis\/#breadcrumb\",\"itemListElement\":[{\"@type\":\"ListItem\",\"position\":1,\"name\":\"Home\",\"item\":\"http:\/\/hotellovasbereny.local\/hauptseite\/\"},{\"@type\":\"ListItem\",\"position\":2,\"name\":\"Wellness &#038; Erlebnis\"}]},{\"@type\":\"WebSite\",\"@id\":\"https:\/\/hotellovasbereny.hu\/#website\",\"url\":\"https:\/\/hotellovasbereny.hu\/\",\"name\":\"Hotel Lovasber\u00e9ny\",\"description\":\"\",\"potentialAction\":[{\"@type\":\"SearchAction\",\"target\":{\"@type\":\"EntryPoint\",\"urlTemplate\":\"https:\/\/hotellovasbereny.hu\/?s={search_term_string}\"},\"query-input\":\"required name=search_term_string\"}],\"inLanguage\":\"de-DE\"}]}<\/script>\n<!-- \/ Yoast SEO plugin. -->","yoast_head_json":{"title":"Wellness & Erlebnis - Hotel Lovasber\u00e9ny","robots":{"index":"noindex","follow":"follow","max-snippet":"max-snippet:-1","max-image-preview":"max-image-preview:large","max-video-preview":"max-video-preview:-1"},"og_locale":"de_DE","og_type":"article","og_title":"Wellness & Erlebnis - Hotel Lovasber\u00e9ny","og_description":"Das vielf\u00e4ltige Programmangebot unseres Hotels sorgt daf\u00fcr, dass die Zeit, die wir hier verbringen, f\u00fcr alle unsere G\u00e4ste unvergesslich wird. Ob ein erfrischendes Bad in den Innen- oder Au\u00dfenpools, eine abenteuerliche Tour oder eine spannende Jagd in den umliegenden W\u00e4ldern, ein romantischer Spaziergang in Sz\u00e9kesfeh\u00e9rv\u00e1r oder die Erkundung des Velence-Sees und der Weinregion Etyek-Buda, das [&hellip;]","og_url":"http:\/\/hotellovasbereny.local\/de\/wellness-erlebnis\/","og_site_name":"Hotel Lovasber\u00e9ny","article_modified_time":"2024-05-13T12:20:52+00:00","twitter_card":"summary_large_image","twitter_misc":{"Est. reading time":"1 minute"},"schema":{"@context":"https:\/\/schema.org","@graph":[{"@type":"WebPage","@id":"http:\/\/hotellovasbereny.local\/de\/wellness-erlebnis\/","url":"http:\/\/hotellovasbereny.local\/de\/wellness-erlebnis\/","name":"Wellness & Erlebnis - Hotel Lovasber\u00e9ny","isPartOf":{"@id":"https:\/\/hotellovasbereny.hu\/#website"},"datePublished":"2024-03-27T10:09:01+00:00","dateModified":"2024-05-13T12:20:52+00:00","breadcrumb":{"@id":"http:\/\/hotellovasbereny.local\/de\/wellness-erlebnis\/#breadcrumb"},"inLanguage":"de-DE","potentialAction":[{"@type":"ReadAction","target":["http:\/\/hotellovasbereny.local\/de\/wellness-erlebnis\/"]}]},{"@type":"BreadcrumbList","@id":"http:\/\/hotellovasbereny.local\/de\/wellness-erlebnis\/#breadcrumb","itemListElement":[{"@type":"ListItem","position":1,"name":"Home","item":"http:\/\/hotellovasbereny.local\/hauptseite\/"},{"@type":"ListItem","position":2,"name":"Wellness &#038; Erlebnis"}]},{"@type":"WebSite","@id":"https:\/\/hotellovasbereny.hu\/#website","url":"https:\/\/hotellovasbereny.hu\/","name":"Hotel Lovasber\u00e9ny","description":"","potentialAction":[{"@type":"SearchAction","target":{"@type":"EntryPoint","urlTemplate":"https:\/\/hotellovasbereny.hu\/?s={search_term_string}"},"query-input":"required name=search_term_string"}],"inLanguage":"de-DE"}]}},"_links":{"self":[{"href":"https:\/\/hotellovasbereny.hu\/de\/wp-json\/wp\/v2\/pages\/249"}],"collection":[{"href":"https:\/\/hotellovasbereny.hu\/de\/wp-json\/wp\/v2\/pages"}],"about":[{"href":"https:\/\/hotellovasbereny.hu\/de\/wp-json\/wp\/v2\/types\/page"}],"author":[{"embeddable":true,"href":"https:\/\/hotellovasbereny.hu\/de\/wp-json\/wp\/v2\/users\/1"}],"replies":[{"embeddable":true,"href":"https:\/\/hotellovasbereny.hu\/de\/wp-json\/wp\/v2\/comments?post=249"}],"version-history":[{"count":1,"href":"https:\/\/hotellovasbereny.hu\/de\/wp-json\/wp\/v2\/pages\/249\/revisions"}],"predecessor-version":[{"id":257,"href":"https:\/\/hotellovasbereny.hu\/de\/wp-json\/wp\/v2\/pages\/249\/revisions\/257"}],"wp:attachment":[{"href":"https:\/\/hotellovasbereny.hu\/de\/wp-json\/wp\/v2\/media?parent=249"}],"curies":[{"name":"wp","href":"https:\/\/api.w.org\/{rel}","templated":true}]}}