{"id":252,"date":"2024-03-27T10:12:19","date_gmt":"2024-03-27T10:12:19","guid":{"rendered":"https:\/\/hotellovasbereny.hu\/ausschreibung\/"},"modified":"2024-03-27T10:12:19","modified_gmt":"2024-03-27T10:12:19","slug":"ausschreibung","status":"publish","type":"page","link":"https:\/\/hotellovasbereny.hu\/de\/ausschreibung\/","title":{"rendered":"Ausschreibung"},"content":{"rendered":"<h3>Das gef\u00f6rderte Projekt wurde im Rahmen des Tourismusentwicklungsprogramms Kisfaludy realisiert.<\/h3>\n<h2 class=\" p-title underlined\">Vorstellung des Projekts<\/h2>\n<p><span class=\"fw-semibold\">Beg\u00fcnstigter:<\/span> Ingatlan Gy\u00e1m 2019 Gesellschaft mit beschr\u00e4nkter Haftung<br \/>\n<span class=\"fw-semibold\">Titel des Projekts:<\/span> Renovierung des Hotels Lovasber\u00e9ny und Steigerung seines touristischen Wertes<\/p>\n<p><span class=\"fw-semibold\">Nummer des Projekts: <\/span>ET-2020-02-092<br \/>\n<span class=\"fw-semibold\">H\u00f6he der Unterst\u00fctzung: <\/span>1.528.779.632 Forint<br \/>\n<span class=\"fw-semibold\">Intensit\u00e4t der Unterst\u00fctzung: <\/span>54,6977 %<\/p>\n<p>Ziel des Projekts: Bereitstellung von Unterk\u00fcnften und Veranstaltungsorten in einer gepflegten Waldumgebung, Sportanlagen, anspruchsvoller Entspannung und familienfreundlicher Erholung. Hervorragende M\u00f6glichkeiten f\u00fcr Jagd- und Naturwanderungen in der N\u00e4he des Velencer Sees.<\/p>\n<p>Optionen: Wellness (Hallenbad, finnische Sauna, Dampfkabine, Infrarotsauna, Fitnessraum, Sonnenbaden), Au\u00dfenpool.<\/p>\n<p>Sport: Tennispl\u00e4tze im Innen- und Au\u00dfenbereich, Kleinfeldfu\u00dfball, Handball, Basketball, Squash, Wandern, Waldspazierg\u00e4nge.<\/p>\n<p>Der Gesamtbetrag des Eintrags: 2.593.701.460 Ft<br \/>\nAbschlussdatum des Projekts: 30.12.2023.<\/p>\n<p>Vorstellung des Projekts: Komplettsanierung der bestehenden Geb\u00e4ude des Hotel Lovasber\u00e9ny, Umstellung auf geothermische und erneuerbare Energieversorgung. Renovierung der bestehenden 70 Unterk\u00fcnfte und Schaffung weiterer 42 neuer Unterk\u00fcnfte.<\/p>\n<p>Renovierung von K\u00fcche, Veranstaltungssaal, Stra\u00dfen.<\/p>\n<p>Schaffung eines Wellnesscenters, einer Tennishalle und eines Tennisplatzes im Freien. Bau eines neuen Squash-Courts, eines modernen Kinderspielplatzes und eines multifunktionalen Sportplatzes.<\/p>\n<p>Schaffung eines Jagdzentrums, Schaffung sicherer Jagdm\u00f6glichkeiten.<\/p>\n<p>Bau eines Speck-Grills, Grills und Indoor-Unterhaltungsm\u00f6glichkeiten f\u00fcr Outdoor-Programme und Gruppenveranstaltungen.<\/p>\n<p>Bau von 2 Hubschrauberlandepl\u00e4tzen.<\/p>\n","protected":false},"excerpt":{"rendered":"<p>Das gef\u00f6rderte Projekt wurde im Rahmen des Tourismusentwicklungsprogramms Kisfaludy realisiert. Vorstellung des Projekts Beg\u00fcnstigter: Ingatlan Gy\u00e1m 2019 Gesellschaft mit beschr\u00e4nkter Haftung Titel des Projekts: Renovierung des Hotels Lovasber\u00e9ny und Steigerung seines touristischen Wertes Nummer des Projekts: ET-2020-02-092 H\u00f6he der Unterst\u00fctzung: 1.528.779.632 Forint Intensit\u00e4t der Unterst\u00fctzung: 54,6977 % Ziel des Projekts: Bereitstellung von Unterk\u00fcnften und Veranstaltungsorten [&hellip;]<\/p>\n","protected":false},"author":1,"featured_media":0,"parent":0,"menu_order":0,"comment_status":"closed","ping_status":"closed","template":"page-palyazat.php","meta":{"footnotes":""},"yoast_head":"<!-- This site is optimized with the Yoast SEO plugin v22.4 - https:\/\/yoast.com\/wordpress\/plugins\/seo\/ -->\n<title>Ausschreibung - Hotel Lovasber\u00e9ny<\/title>\n<meta name=\"robots\" content=\"noindex, follow, max-snippet:-1, max-image-preview:large, max-video-preview:-1\" \/>\n<meta property=\"og:locale\" content=\"de_DE\" \/>\n<meta property=\"og:type\" content=\"article\" \/>\n<meta property=\"og:title\" content=\"Ausschreibung - Hotel Lovasber\u00e9ny\" \/>\n<meta property=\"og:description\" content=\"Das gef\u00f6rderte Projekt wurde im Rahmen des Tourismusentwicklungsprogramms Kisfaludy realisiert. Vorstellung des Projekts Beg\u00fcnstigter: Ingatlan Gy\u00e1m 2019 Gesellschaft mit beschr\u00e4nkter Haftung Titel des Projekts: Renovierung des Hotels Lovasber\u00e9ny und Steigerung seines touristischen Wertes Nummer des Projekts: ET-2020-02-092 H\u00f6he der Unterst\u00fctzung: 1.528.779.632 Forint Intensit\u00e4t der Unterst\u00fctzung: 54,6977 % Ziel des Projekts: Bereitstellung von Unterk\u00fcnften und Veranstaltungsorten [&hellip;]\" \/>\n<meta property=\"og:url\" content=\"http:\/\/hotellovasbereny.local\/ausschreibung\/\" \/>\n<meta property=\"og:site_name\" content=\"Hotel Lovasber\u00e9ny\" \/>\n<meta name=\"twitter:card\" content=\"summary_large_image\" \/>\n<meta name=\"twitter:label1\" content=\"Est. reading time\" \/>\n\t<meta name=\"twitter:data1\" content=\"1 minute\" \/>\n<script type=\"application\/ld+json\" class=\"yoast-schema-graph\">{\"@context\":\"https:\/\/schema.org\",\"@graph\":[{\"@type\":\"WebPage\",\"@id\":\"http:\/\/hotellovasbereny.local\/ausschreibung\/\",\"url\":\"http:\/\/hotellovasbereny.local\/ausschreibung\/\",\"name\":\"Ausschreibung - Hotel Lovasber\u00e9ny\",\"isPartOf\":{\"@id\":\"https:\/\/hotellovasbereny.hu\/#website\"},\"datePublished\":\"2024-03-27T10:12:19+00:00\",\"dateModified\":\"2024-03-27T10:12:19+00:00\",\"breadcrumb\":{\"@id\":\"http:\/\/hotellovasbereny.local\/ausschreibung\/#breadcrumb\"},\"inLanguage\":\"de-DE\",\"potentialAction\":[{\"@type\":\"ReadAction\",\"target\":[\"http:\/\/hotellovasbereny.local\/ausschreibung\/\"]}]},{\"@type\":\"BreadcrumbList\",\"@id\":\"http:\/\/hotellovasbereny.local\/ausschreibung\/#breadcrumb\",\"itemListElement\":[{\"@type\":\"ListItem\",\"position\":1,\"name\":\"Home\",\"item\":\"http:\/\/hotellovasbereny.local\/hauptseite\/\"},{\"@type\":\"ListItem\",\"position\":2,\"name\":\"Ausschreibung\"}]},{\"@type\":\"WebSite\",\"@id\":\"https:\/\/hotellovasbereny.hu\/#website\",\"url\":\"https:\/\/hotellovasbereny.hu\/\",\"name\":\"Hotel Lovasber\u00e9ny\",\"description\":\"\",\"potentialAction\":[{\"@type\":\"SearchAction\",\"target\":{\"@type\":\"EntryPoint\",\"urlTemplate\":\"https:\/\/hotellovasbereny.hu\/?s={search_term_string}\"},\"query-input\":\"required name=search_term_string\"}],\"inLanguage\":\"de-DE\"}]}<\/script>\n<!-- \/ Yoast SEO plugin. -->","yoast_head_json":{"title":"Ausschreibung - Hotel Lovasber\u00e9ny","robots":{"index":"noindex","follow":"follow","max-snippet":"max-snippet:-1","max-image-preview":"max-image-preview:large","max-video-preview":"max-video-preview:-1"},"og_locale":"de_DE","og_type":"article","og_title":"Ausschreibung - Hotel Lovasber\u00e9ny","og_description":"Das gef\u00f6rderte Projekt wurde im Rahmen des Tourismusentwicklungsprogramms Kisfaludy realisiert. Vorstellung des Projekts Beg\u00fcnstigter: Ingatlan Gy\u00e1m 2019 Gesellschaft mit beschr\u00e4nkter Haftung Titel des Projekts: Renovierung des Hotels Lovasber\u00e9ny und Steigerung seines touristischen Wertes Nummer des Projekts: ET-2020-02-092 H\u00f6he der Unterst\u00fctzung: 1.528.779.632 Forint Intensit\u00e4t der Unterst\u00fctzung: 54,6977 % Ziel des Projekts: Bereitstellung von Unterk\u00fcnften und Veranstaltungsorten [&hellip;]","og_url":"http:\/\/hotellovasbereny.local\/ausschreibung\/","og_site_name":"Hotel Lovasber\u00e9ny","twitter_card":"summary_large_image","twitter_misc":{"Est. reading time":"1 minute"},"schema":{"@context":"https:\/\/schema.org","@graph":[{"@type":"WebPage","@id":"http:\/\/hotellovasbereny.local\/ausschreibung\/","url":"http:\/\/hotellovasbereny.local\/ausschreibung\/","name":"Ausschreibung - Hotel Lovasber\u00e9ny","isPartOf":{"@id":"https:\/\/hotellovasbereny.hu\/#website"},"datePublished":"2024-03-27T10:12:19+00:00","dateModified":"2024-03-27T10:12:19+00:00","breadcrumb":{"@id":"http:\/\/hotellovasbereny.local\/ausschreibung\/#breadcrumb"},"inLanguage":"de-DE","potentialAction":[{"@type":"ReadAction","target":["http:\/\/hotellovasbereny.local\/ausschreibung\/"]}]},{"@type":"BreadcrumbList","@id":"http:\/\/hotellovasbereny.local\/ausschreibung\/#breadcrumb","itemListElement":[{"@type":"ListItem","position":1,"name":"Home","item":"http:\/\/hotellovasbereny.local\/hauptseite\/"},{"@type":"ListItem","position":2,"name":"Ausschreibung"}]},{"@type":"WebSite","@id":"https:\/\/hotellovasbereny.hu\/#website","url":"https:\/\/hotellovasbereny.hu\/","name":"Hotel Lovasber\u00e9ny","description":"","potentialAction":[{"@type":"SearchAction","target":{"@type":"EntryPoint","urlTemplate":"https:\/\/hotellovasbereny.hu\/?s={search_term_string}"},"query-input":"required name=search_term_string"}],"inLanguage":"de-DE"}]}},"_links":{"self":[{"href":"https:\/\/hotellovasbereny.hu\/de\/wp-json\/wp\/v2\/pages\/252"}],"collection":[{"href":"https:\/\/hotellovasbereny.hu\/de\/wp-json\/wp\/v2\/pages"}],"about":[{"href":"https:\/\/hotellovasbereny.hu\/de\/wp-json\/wp\/v2\/types\/page"}],"author":[{"embeddable":true,"href":"https:\/\/hotellovasbereny.hu\/de\/wp-json\/wp\/v2\/users\/1"}],"replies":[{"embeddable":true,"href":"https:\/\/hotellovasbereny.hu\/de\/wp-json\/wp\/v2\/comments?post=252"}],"version-history":[{"count":0,"href":"https:\/\/hotellovasbereny.hu\/de\/wp-json\/wp\/v2\/pages\/252\/revisions"}],"wp:attachment":[{"href":"https:\/\/hotellovasbereny.hu\/de\/wp-json\/wp\/v2\/media?parent=252"}],"curies":[{"name":"wp","href":"https:\/\/api.w.org\/{rel}","templated":true}]}}