{"id":237,"date":"2024-03-27T10:09:01","date_gmt":"2024-03-27T10:09:01","guid":{"rendered":"https:\/\/hotellovasbereny.hu\/wellness-experience\/"},"modified":"2024-03-27T10:09:01","modified_gmt":"2024-03-27T10:09:01","slug":"wellness-experience","status":"publish","type":"page","link":"https:\/\/hotellovasbereny.hu\/en\/wellness-experience\/","title":{"rendered":"Wellness &#038; experience"},"content":{"rendered":"<p>Our hotel offers a wide range of programs to ensure that all our guests will have an unforgettable time here. Whether it&#8217;s a refreshing swim in the indoor or outdoor pools, an adventurous hike or an exciting hunt in the surrounding forests, a romantic walk in Sz\u00e9kesfeh\u00e9rv\u00e1r or exploring the Velence Lake and the Etyek-Buda wine region, HOTEL Lovasber\u00e9ny has everything you need. Our wellness services offer the ultimate in relaxation and physical and mental rejuvenation, where everyone can find the perfect way to relax, from Finnish and infrared saunas to steam rooms and whirlpool baths.<\/p>\n","protected":false},"excerpt":{"rendered":"<p>Our hotel offers a wide range of programs to ensure that all our guests will have an unforgettable time here. Whether it&#8217;s a refreshing swim in the indoor or outdoor pools, an adventurous hike or an exciting hunt in the surrounding forests, a romantic walk in Sz\u00e9kesfeh\u00e9rv\u00e1r or exploring the Velence Lake and the Etyek-Buda [&hellip;]<\/p>\n","protected":false},"author":1,"featured_media":0,"parent":0,"menu_order":0,"comment_status":"closed","ping_status":"closed","template":"page-wellness.php","meta":{"footnotes":""},"yoast_head":"<!-- This site is optimized with the Yoast SEO plugin v22.4 - https:\/\/yoast.com\/wordpress\/plugins\/seo\/ -->\n<title>Wellness &amp; experience - Hotel Lovasber\u00e9ny<\/title>\n<meta name=\"robots\" content=\"noindex, follow, max-snippet:-1, max-image-preview:large, max-video-preview:-1\" \/>\n<meta property=\"og:locale\" content=\"en_US\" \/>\n<meta property=\"og:type\" content=\"article\" \/>\n<meta property=\"og:title\" content=\"Wellness &amp; experience - Hotel Lovasber\u00e9ny\" \/>\n<meta property=\"og:description\" content=\"Our hotel offers a wide range of programs to ensure that all our guests will have an unforgettable time here. Whether it&#8217;s a refreshing swim in the indoor or outdoor pools, an adventurous hike or an exciting hunt in the surrounding forests, a romantic walk in Sz\u00e9kesfeh\u00e9rv\u00e1r or exploring the Velence Lake and the Etyek-Buda [&hellip;]\" \/>\n<meta property=\"og:url\" content=\"http:\/\/hotellovasbereny.local\/wellness-experience\/\" \/>\n<meta property=\"og:site_name\" content=\"Hotel Lovasber\u00e9ny\" \/>\n<meta name=\"twitter:card\" content=\"summary_large_image\" \/>\n<meta name=\"twitter:label1\" content=\"Est. reading time\" \/>\n\t<meta name=\"twitter:data1\" content=\"1 minute\" \/>\n<script type=\"application\/ld+json\" class=\"yoast-schema-graph\">{\"@context\":\"https:\/\/schema.org\",\"@graph\":[{\"@type\":\"WebPage\",\"@id\":\"http:\/\/hotellovasbereny.local\/wellness-experience\/\",\"url\":\"http:\/\/hotellovasbereny.local\/wellness-experience\/\",\"name\":\"Wellness & experience - Hotel Lovasber\u00e9ny\",\"isPartOf\":{\"@id\":\"https:\/\/hotellovasbereny.hu\/#website\"},\"datePublished\":\"2024-03-27T10:09:01+00:00\",\"dateModified\":\"2024-03-27T10:09:01+00:00\",\"breadcrumb\":{\"@id\":\"http:\/\/hotellovasbereny.local\/wellness-experience\/#breadcrumb\"},\"inLanguage\":\"en-US\",\"potentialAction\":[{\"@type\":\"ReadAction\",\"target\":[\"http:\/\/hotellovasbereny.local\/wellness-experience\/\"]}]},{\"@type\":\"BreadcrumbList\",\"@id\":\"http:\/\/hotellovasbereny.local\/wellness-experience\/#breadcrumb\",\"itemListElement\":[{\"@type\":\"ListItem\",\"position\":1,\"name\":\"Home\",\"item\":\"http:\/\/hotellovasbereny.local\/main-page\/\"},{\"@type\":\"ListItem\",\"position\":2,\"name\":\"Wellness &#038; experience\"}]},{\"@type\":\"WebSite\",\"@id\":\"https:\/\/hotellovasbereny.hu\/#website\",\"url\":\"https:\/\/hotellovasbereny.hu\/\",\"name\":\"Hotel Lovasber\u00e9ny\",\"description\":\"\",\"potentialAction\":[{\"@type\":\"SearchAction\",\"target\":{\"@type\":\"EntryPoint\",\"urlTemplate\":\"https:\/\/hotellovasbereny.hu\/?s={search_term_string}\"},\"query-input\":\"required name=search_term_string\"}],\"inLanguage\":\"en-US\"}]}<\/script>\n<!-- \/ Yoast SEO plugin. -->","yoast_head_json":{"title":"Wellness & experience - Hotel Lovasber\u00e9ny","robots":{"index":"noindex","follow":"follow","max-snippet":"max-snippet:-1","max-image-preview":"max-image-preview:large","max-video-preview":"max-video-preview:-1"},"og_locale":"en_US","og_type":"article","og_title":"Wellness & experience - Hotel Lovasber\u00e9ny","og_description":"Our hotel offers a wide range of programs to ensure that all our guests will have an unforgettable time here. Whether it&#8217;s a refreshing swim in the indoor or outdoor pools, an adventurous hike or an exciting hunt in the surrounding forests, a romantic walk in Sz\u00e9kesfeh\u00e9rv\u00e1r or exploring the Velence Lake and the Etyek-Buda [&hellip;]","og_url":"http:\/\/hotellovasbereny.local\/wellness-experience\/","og_site_name":"Hotel Lovasber\u00e9ny","twitter_card":"summary_large_image","twitter_misc":{"Est. reading time":"1 minute"},"schema":{"@context":"https:\/\/schema.org","@graph":[{"@type":"WebPage","@id":"http:\/\/hotellovasbereny.local\/wellness-experience\/","url":"http:\/\/hotellovasbereny.local\/wellness-experience\/","name":"Wellness & experience - Hotel Lovasber\u00e9ny","isPartOf":{"@id":"https:\/\/hotellovasbereny.hu\/#website"},"datePublished":"2024-03-27T10:09:01+00:00","dateModified":"2024-03-27T10:09:01+00:00","breadcrumb":{"@id":"http:\/\/hotellovasbereny.local\/wellness-experience\/#breadcrumb"},"inLanguage":"en-US","potentialAction":[{"@type":"ReadAction","target":["http:\/\/hotellovasbereny.local\/wellness-experience\/"]}]},{"@type":"BreadcrumbList","@id":"http:\/\/hotellovasbereny.local\/wellness-experience\/#breadcrumb","itemListElement":[{"@type":"ListItem","position":1,"name":"Home","item":"http:\/\/hotellovasbereny.local\/main-page\/"},{"@type":"ListItem","position":2,"name":"Wellness &#038; experience"}]},{"@type":"WebSite","@id":"https:\/\/hotellovasbereny.hu\/#website","url":"https:\/\/hotellovasbereny.hu\/","name":"Hotel Lovasber\u00e9ny","description":"","potentialAction":[{"@type":"SearchAction","target":{"@type":"EntryPoint","urlTemplate":"https:\/\/hotellovasbereny.hu\/?s={search_term_string}"},"query-input":"required name=search_term_string"}],"inLanguage":"en-US"}]}},"_links":{"self":[{"href":"https:\/\/hotellovasbereny.hu\/en\/wp-json\/wp\/v2\/pages\/237"}],"collection":[{"href":"https:\/\/hotellovasbereny.hu\/en\/wp-json\/wp\/v2\/pages"}],"about":[{"href":"https:\/\/hotellovasbereny.hu\/en\/wp-json\/wp\/v2\/types\/page"}],"author":[{"embeddable":true,"href":"https:\/\/hotellovasbereny.hu\/en\/wp-json\/wp\/v2\/users\/1"}],"replies":[{"embeddable":true,"href":"https:\/\/hotellovasbereny.hu\/en\/wp-json\/wp\/v2\/comments?post=237"}],"version-history":[{"count":0,"href":"https:\/\/hotellovasbereny.hu\/en\/wp-json\/wp\/v2\/pages\/237\/revisions"}],"wp:attachment":[{"href":"https:\/\/hotellovasbereny.hu\/en\/wp-json\/wp\/v2\/media?parent=237"}],"curies":[{"name":"wp","href":"https:\/\/api.w.org\/{rel}","templated":true}]}}